{"id":853,"date":"2025-06-02T22:46:17","date_gmt":"2025-06-03T02:46:17","guid":{"rendered":"https:\/\/www.rpingenieria.com\/wp\/?post_type=product&#038;p=853"},"modified":"2025-06-18T01:59:54","modified_gmt":"2025-06-18T05:59:54","slug":"viper-008-unmanaged-en-50155-switch","status":"publish","type":"product","link":"https:\/\/www.rpingenieria.com\/wp\/tienda\/westermo\/conmutadores-ethernet-industriales-no-administrados\/viper-008-unmanaged-en-50155-switch\/","title":{"rendered":"Viper-008 Unmanaged EN 50155 Switch"},"content":{"rendered":"<p>El Viper-008 es un robusto conmutador Ethernet no administrado, dise\u00f1ado para aplicaciones con condiciones operativas severas y entornos extremos.<\/p>\n<p>El Viper-008 cumple con la norma EN 50155 para equipos electr\u00f3nicos utilizados en aplicaciones ferroviarias. Su carcasa ultra delgada y robusta cuenta con un sellado IP65 y, junto con un MTBF (tiempo medio entre fallos) calculado <strong>a m\u00e1s de 100 a\u00f1os<\/strong>, lo convierte en la unidad ideal para situaciones donde la tensi\u00f3n mec\u00e1nica, la humedad, la condensaci\u00f3n, la suciedad o las vibraciones continuas podr\u00edan afectar negativamente al funcionamiento de los conmutadores Ethernet est\u00e1ndar.<\/p>\n<p>La unidad est\u00e1 preparada para su uso en entornos industriales hostiles. Su carcasa met\u00e1lica con sellado IP65 y sus robustos conectores frontales M12 la hacen robusta y admite temperaturas de \u201340 a +70 \u00b0C (de \u201340 a +158 \u00b0F). Al no contener componentes sensibles ni fr\u00e1giles, el producto est\u00e1 protegido contra golpes y vibraciones, lo que la hace adecuada para su uso en material rodante. La fuente de alimentaci\u00f3n funciona en un amplio rango de entrada, de 24 a 110 VCC \u00b140 %.<\/p>\n<p><strong>\u2713 Conmutador Ethernet b\u00e1sico compacto homologado para ferrocarriles<\/strong><\/p>\n<p>\u2022 Totalmente conforme a la norma EN 50155<br \/>\n\u2022 Modelo \u00fanico con rango de alimentaci\u00f3n de 24 a 110 VCC<br \/>\n\u2022 8 puertos Ethernet de 100 Mbit\/s<br \/>\n<strong>\u2713 Probado y verificado externamente seg\u00fan la norma EN 50155<\/strong><\/p>\n<p>\u2022 Resistencia a sobretensiones y aislamiento<br \/>\n\u2022 Inmunidad a campos magn\u00e9ticos y emisiones conducidas<br \/>\n\u2022 Impactos y vibraciones<\/p>\n<p><strong>\u2713 Dise\u00f1ado para una larga vida \u00fatil y entornos operativos extremos<\/strong><\/p>\n<p>\u2022 Membrana GORE-TEX\u00ae anticondensaci\u00f3n IP67<br \/>\n\u2022 Temperatura ambiente: de \u201340 \u00b0C (\u201340 \u00b0F) a +70 \u00b0C (+158 \u00b0F)<br \/>\n\u2022 Rosca M12 integrada y un MTBF extremadamente alto: 636\u00a0000 horas<\/p>\n<p><strong>\u2713 Dise\u00f1o y pruebas de producci\u00f3n para cumplir con los requisitos del control ferroviario<\/strong><\/p>\n<p>\u2022 Pruebas de posproducci\u00f3n que superan el requisito obligatorio de la norma EN 50155<br \/>\n\u2022 Prueba de rodaje y aislamiento en todas las unidades<br \/>\n\u2022 Fabricado seg\u00fan la norma IPC-A-610D clase 2<\/p>\n<p>&nbsp;<\/p>\n<p><strong>Documentos relacionados:<\/strong><\/p>\n<p><a href=\"https:\/\/www.rpingenieria.com\/wp\/wp-content\/uploads\/2025\/06\/westermo_ds_viper-008_2401_en_revn.pdf\" target=\"_blank\" rel=\"noopener\">Viper-008 Data sheet<\/a><\/p>\n","protected":false},"excerpt":{"rendered":"<p>El Viper-008 es un robusto conmutador Ethernet no administrado, dise\u00f1ado para aplicaciones con condiciones operativas severas y entornos extremos. El Viper-008 cumple con la norma EN 50155 para equipos electr\u00f3nicos&hellip;<\/p>\n","protected":false},"featured_media":855,"template":"","meta":{"pagelayer_contact_templates":[],"_pagelayer_content":""},"product_brand":[149],"product_cat":[151,150],"product_tag":[],"class_list":{"0":"post-853","1":"product","2":"type-product","3":"status-publish","4":"has-post-thumbnail","6":"product_brand-westermo","7":"product_cat-conmutadores-ethernet-industriales-no-administrados","8":"product_cat-westermo","9":"pa_numero_parte_fabricante-viper-008","11":"first","12":"instock","13":"shipping-taxable","14":"product-type-simple"},"_links":{"self":[{"href":"https:\/\/www.rpingenieria.com\/wp\/wp-json\/wp\/v2\/product\/853","targetHints":{"allow":["GET"]}}],"collection":[{"href":"https:\/\/www.rpingenieria.com\/wp\/wp-json\/wp\/v2\/product"}],"about":[{"href":"https:\/\/www.rpingenieria.com\/wp\/wp-json\/wp\/v2\/types\/product"}],"wp:featuredmedia":[{"embeddable":true,"href":"https:\/\/www.rpingenieria.com\/wp\/wp-json\/wp\/v2\/media\/855"}],"wp:attachment":[{"href":"https:\/\/www.rpingenieria.com\/wp\/wp-json\/wp\/v2\/media?parent=853"}],"wp:term":[{"taxonomy":"product_brand","embeddable":true,"href":"https:\/\/www.rpingenieria.com\/wp\/wp-json\/wp\/v2\/product_brand?post=853"},{"taxonomy":"product_cat","embeddable":true,"href":"https:\/\/www.rpingenieria.com\/wp\/wp-json\/wp\/v2\/product_cat?post=853"},{"taxonomy":"product_tag","embeddable":true,"href":"https:\/\/www.rpingenieria.com\/wp\/wp-json\/wp\/v2\/product_tag?post=853"}],"curies":[{"name":"wp","href":"https:\/\/api.w.org\/{rel}","templated":true}]}}