{"id":814,"date":"2025-06-02T18:03:02","date_gmt":"2025-06-02T22:03:02","guid":{"rendered":"https:\/\/www.rpingenieria.com\/wp\/?post_type=product&#038;p=814"},"modified":"2025-06-02T20:19:52","modified_gmt":"2025-06-03T00:19:52","slug":"sdi-8xx-unmanaged-8-port-ethernet-fibre-switch","status":"publish","type":"product","link":"https:\/\/www.rpingenieria.com\/wp\/tienda\/westermo\/conmutadores-ethernet-industriales-no-administrados\/sdi-8xx-unmanaged-8-port-ethernet-fibre-switch\/","title":{"rendered":"SDI-862 Unmanaged 8-port Ethernet Fibre Switch MM"},"content":{"rendered":"<p>El SDI-862 es un switch con puertos de fibra no administrado, sencillo y econ\u00f3mico, ideal para una amplia gama de aplicaciones de automatizaci\u00f3n de f\u00e1bricas y edificios. Dispone de dos modelos: <strong>el SC2, para fibra multimodo de hasta 2 km (1,2 mi)<\/strong>, y el SC30, para aplicaciones monomodo de hasta 30 km (18 mi). Un n\u00facleo de conmutaci\u00f3n de alta velocidad garantiza la m\u00e1xima velocidad en todos los puertos y transparencia para cualquier protocolo Ethernet.<br \/>\nLa unidad est\u00e1 dise\u00f1ada para montaje en carril DIN en armarios industriales, lo que permite establecer conexiones Ethernet sencillas entre PLC, unidades de E\/S, variadores, inversores y HMI.<br \/>\nEl SDI-862 es f\u00e1cil de usar: basta con conectar la alimentaci\u00f3n a los terminales de tornillo y enchufar los cables RJ-45. Si se utilizan los contactos de fallo, un interruptor DIP permite la configuraci\u00f3n, mientras que los LED proporcionan un diagn\u00f3stico sencillo si es necesario. Un filtro de broadcast storm ayuda a prevenir Ethernet loops.<\/p>\n<p>\u2713<strong> Soluci\u00f3n b\u00e1sica de conectividad para automatizaci\u00f3n<\/strong><\/p>\n<p>\u2022 6 puertos 10\/100 Base-T<br \/>\n\u2022 2 puertos 100 Base-FX (soluci\u00f3n monomodo y multimodo)<br \/>\n\u2022 Compatible con protocolos Ethernet de automatizaci\u00f3n<br \/>\n\u2022 Calidad de Servicio (QoS) para precedencia de paquetes<\/p>\n<p>\u2713 <strong>Dise\u00f1ado para una f\u00e1cil instalaci\u00f3n industrial<\/strong><\/p>\n<p>\u2022 Montaje en riel DIN<br \/>\n\u2022 Alimentaci\u00f3n dual de 10 a 60 VCC<br \/>\n\u2022 Alarma de rel\u00e9 de fallo<\/p>\n<p>\u2713 <strong>Funcionamiento en entornos industriales<\/strong><\/p>\n<p>\u2022 Temperatura de funcionamiento de \u201310 a +70 \u00b0C (de +14 a +158 \u00b0F)<br \/>\n\u2022 Carcasa de aluminio IP31<br \/>\n\u2022 Aislamiento de 1,5 kV CA<\/p>\n<p><strong>\u2713 F\u00e1cil configuraci\u00f3n y uso<\/strong><\/p>\n<p>\u2022 Configuraci\u00f3n de contactos de fallo mediante interruptores DIP<br \/>\n\u2022 No requiere configuraci\u00f3n por parte del usuario<br \/>\n\u2022 Filtro de Broadcast Storm<\/p>\n<p><strong>Documentos relacionados:<\/strong><\/p>\n<p><a href=\"https:\/\/www.rpingenieria.com\/wp\/wp-content\/uploads\/2025\/06\/westermo_ds_sdi-862_2301_en_reva.pdf\" target=\"_blank\" rel=\"noopener\">SDI-862 Data sheet<\/a><\/p>\n<p>&nbsp;<\/p>\n","protected":false},"excerpt":{"rendered":"<p>El SDI-862 es un switch con puertos de fibra no administrado, sencillo y econ\u00f3mico, ideal para una amplia gama de aplicaciones de automatizaci\u00f3n de f\u00e1bricas y edificios. Dispone de dos&hellip;<\/p>\n","protected":false},"featured_media":818,"template":"","meta":{"pagelayer_contact_templates":[],"_pagelayer_content":""},"product_brand":[149],"product_cat":[151,150],"product_tag":[],"class_list":{"0":"post-814","1":"product","2":"type-product","3":"status-publish","4":"has-post-thumbnail","6":"product_brand-westermo","7":"product_cat-conmutadores-ethernet-industriales-no-administrados","8":"product_cat-westermo","9":"pa_numero_parte_fabricante-sdi-862-mm-sc2","11":"first","12":"instock","13":"shipping-taxable","14":"product-type-simple"},"_links":{"self":[{"href":"https:\/\/www.rpingenieria.com\/wp\/wp-json\/wp\/v2\/product\/814","targetHints":{"allow":["GET"]}}],"collection":[{"href":"https:\/\/www.rpingenieria.com\/wp\/wp-json\/wp\/v2\/product"}],"about":[{"href":"https:\/\/www.rpingenieria.com\/wp\/wp-json\/wp\/v2\/types\/product"}],"wp:featuredmedia":[{"embeddable":true,"href":"https:\/\/www.rpingenieria.com\/wp\/wp-json\/wp\/v2\/media\/818"}],"wp:attachment":[{"href":"https:\/\/www.rpingenieria.com\/wp\/wp-json\/wp\/v2\/media?parent=814"}],"wp:term":[{"taxonomy":"product_brand","embeddable":true,"href":"https:\/\/www.rpingenieria.com\/wp\/wp-json\/wp\/v2\/product_brand?post=814"},{"taxonomy":"product_cat","embeddable":true,"href":"https:\/\/www.rpingenieria.com\/wp\/wp-json\/wp\/v2\/product_cat?post=814"},{"taxonomy":"product_tag","embeddable":true,"href":"https:\/\/www.rpingenieria.com\/wp\/wp-json\/wp\/v2\/product_tag?post=814"}],"curies":[{"name":"wp","href":"https:\/\/api.w.org\/{rel}","templated":true}]}}