{"id":700,"date":"2025-06-01T17:21:39","date_gmt":"2025-06-01T21:21:39","guid":{"rendered":"https:\/\/www.rpingenieria.com\/wp\/?post_type=product&#038;p=700"},"modified":"2025-06-12T00:51:24","modified_gmt":"2025-06-12T04:51:24","slug":"anybus-profitrace-toolkit-standard","status":"publish","type":"product","link":"https:\/\/www.rpingenieria.com\/wp\/tienda\/anybus-diagnostics\/anybus-profitrace-toolkit-standard\/","title":{"rendered":"Anybus ProfiTrace Toolkit Standard"},"content":{"rendered":"<p>ProfiTrace es una herramienta esencial para el mantenimiento y la resoluci\u00f3n de problemas y actualmente es el analizador m\u00f3vil m\u00e1s potente para redes PROFIBUS.<\/p>\n<ul>\n<li><strong>Herramienta port\u00e1til que cabe en su bolsillo<\/strong><\/li>\n<\/ul>\n<p style=\"padding-left: 40px;\">ProfiCore es una herramienta de hardware m\u00f3vil, f\u00e1cil de transportar y lista para usar con solo dos conexiones sencillas.<\/p>\n<ul>\n<li><strong>Obtenga informaci\u00f3n sobre toda su red<\/strong><\/li>\n<\/ul>\n<p style=\"padding-left: 40px;\">Una vez conectado a la red, podr\u00e1 controlar y medir toda la instalaci\u00f3n.<\/p>\n<ul>\n<li><strong>Disponible cuando lo necesite<\/strong><\/li>\n<\/ul>\n<p style=\"padding-left: 40px;\">Las mediciones se pueden realizar en cualquier momento, sin necesidad de apagar la red. Simplemente mida los segmentos PROFIBUS DP y PA.<\/p>\n<ul>\n<li><strong>Muestre sus resultados para realizar el cambio<\/strong><\/li>\n<\/ul>\n<p style=\"padding-left: 40px;\">Todos los an\u00e1lisis se pueden compilar en un informe detallado que contiene las se\u00f1ales de todos los dispositivos, las fallas, la topolog\u00eda de la red, un gr\u00e1fico de barras e informaci\u00f3n administrativa.<\/p>\n<p>El toolkit Standard incluye:<\/p>\n<p style=\"padding-left: 40px;\">1 Software ProfiTrace 2<br \/>\n1 ProfiCore Ultra<br \/>\n1 Tap 2 Connector<br \/>\n1 Licencia ScopeWare<br \/>\n1 USB Cable<br \/>\n1 Maleta<\/p>\n<p>&nbsp;<\/p>\n","protected":false},"excerpt":{"rendered":"<p>ProfiTrace es una herramienta esencial para el mantenimiento y la resoluci\u00f3n de problemas y actualmente es el analizador m\u00f3vil m\u00e1s potente para redes PROFIBUS. Herramienta port\u00e1til que cabe en su&hellip;<\/p>\n","protected":false},"featured_media":114,"template":"","meta":{"pagelayer_contact_templates":[],"_pagelayer_content":""},"product_brand":[46,45],"product_cat":[108,124],"product_tag":[204,199],"class_list":{"0":"post-700","1":"product","2":"type-product","3":"status-publish","4":"has-post-thumbnail","6":"product_brand-fab_any","7":"product_brand-fab_hms","8":"product_cat-anybus-diagnostics","9":"product_cat-profitrace","10":"product_tag-diagnostico-redes","11":"product_tag-profibus","12":"pa_numero_parte_fabricante-120","14":"first","15":"instock","16":"shipping-taxable","17":"product-type-simple"},"_links":{"self":[{"href":"https:\/\/www.rpingenieria.com\/wp\/wp-json\/wp\/v2\/product\/700","targetHints":{"allow":["GET"]}}],"collection":[{"href":"https:\/\/www.rpingenieria.com\/wp\/wp-json\/wp\/v2\/product"}],"about":[{"href":"https:\/\/www.rpingenieria.com\/wp\/wp-json\/wp\/v2\/types\/product"}],"wp:featuredmedia":[{"embeddable":true,"href":"https:\/\/www.rpingenieria.com\/wp\/wp-json\/wp\/v2\/media\/114"}],"wp:attachment":[{"href":"https:\/\/www.rpingenieria.com\/wp\/wp-json\/wp\/v2\/media?parent=700"}],"wp:term":[{"taxonomy":"product_brand","embeddable":true,"href":"https:\/\/www.rpingenieria.com\/wp\/wp-json\/wp\/v2\/product_brand?post=700"},{"taxonomy":"product_cat","embeddable":true,"href":"https:\/\/www.rpingenieria.com\/wp\/wp-json\/wp\/v2\/product_cat?post=700"},{"taxonomy":"product_tag","embeddable":true,"href":"https:\/\/www.rpingenieria.com\/wp\/wp-json\/wp\/v2\/product_tag?post=700"}],"curies":[{"name":"wp","href":"https:\/\/api.w.org\/{rel}","templated":true}]}}