{"id":528,"date":"2025-05-26T23:45:57","date_gmt":"2025-05-27T03:45:57","guid":{"rendered":"https:\/\/www.rpingenieria.com\/wp\/?page_id=528"},"modified":"2025-06-26T01:00:10","modified_gmt":"2025-06-26T05:00:10","slug":"mision-y-vision","status":"publish","type":"page","link":"https:\/\/www.rpingenieria.com\/wp\/mision-y-vision\/","title":{"rendered":"Misi\u00f3n y visi\u00f3n"},"content":{"rendered":"\n<h6 class=\"wp-block-heading\"><strong>Nuestra Visi\u00f3n<\/strong><\/h6>\n\n\n\n<p>Convertirnos en el referente de excelencia en nuestras \u00e1reas de acci\u00f3n y en la sustentabilidad de nuestros negocios. <\/p>\n\n\n\n<h6 class=\"wp-block-heading\"><strong>Nuestra Misi\u00f3n<\/strong><\/h6>\n\n\n\n<p>Escuchar y entender los problemas de nuestros clientes. Resolverlos por medio de la selecci\u00f3n, distribuci\u00f3n, integraci\u00f3n de tecnolog\u00edas y asistencia t\u00e9cnica, agregando eficiencia y sostenibilidad a los procesos de nuestros clientes.<\/p>\n","protected":false},"excerpt":{"rendered":"<p>Nuestra Visi\u00f3n Convertirnos en el referente de excelencia en nuestras \u00e1reas de acci\u00f3n y en la sustentabilidad de nuestros negocios. Nuestra Misi\u00f3n Escuchar y entender los problemas de nuestros clientes.&hellip;<\/p>\n","protected":false},"author":1,"featured_media":0,"parent":0,"menu_order":0,"comment_status":"closed","ping_status":"closed","template":"","meta":{"pagelayer_contact_templates":[],"_pagelayer_content":"","footnotes":""},"folder":[49],"class_list":["post-528","page","type-page","status-publish","hentry"],"_links":{"self":[{"href":"https:\/\/www.rpingenieria.com\/wp\/wp-json\/wp\/v2\/pages\/528","targetHints":{"allow":["GET"]}}],"collection":[{"href":"https:\/\/www.rpingenieria.com\/wp\/wp-json\/wp\/v2\/pages"}],"about":[{"href":"https:\/\/www.rpingenieria.com\/wp\/wp-json\/wp\/v2\/types\/page"}],"author":[{"embeddable":true,"href":"https:\/\/www.rpingenieria.com\/wp\/wp-json\/wp\/v2\/users\/1"}],"replies":[{"embeddable":true,"href":"https:\/\/www.rpingenieria.com\/wp\/wp-json\/wp\/v2\/comments?post=528"}],"version-history":[{"count":0,"href":"https:\/\/www.rpingenieria.com\/wp\/wp-json\/wp\/v2\/pages\/528\/revisions"}],"wp:attachment":[{"href":"https:\/\/www.rpingenieria.com\/wp\/wp-json\/wp\/v2\/media?parent=528"}],"wp:term":[{"taxonomy":"folder","embeddable":true,"href":"https:\/\/www.rpingenieria.com\/wp\/wp-json\/wp\/v2\/folder?post=528"}],"curies":[{"name":"wp","href":"https:\/\/api.w.org\/{rel}","templated":true}]}}