{"id":466,"date":"2025-05-25T23:00:14","date_gmt":"2025-05-26T03:00:14","guid":{"rendered":"https:\/\/www.rpingenieria.com\/wp\/?page_id=466"},"modified":"2025-05-25T23:04:58","modified_gmt":"2025-05-26T03:04:58","slug":"profibus-international-training-center","status":"publish","type":"page","link":"https:\/\/www.rpingenieria.com\/wp\/profibus-international-training-center\/","title":{"rendered":"Profibus International Training Center"},"content":{"rendered":"\n<figure class=\"wp-block-image size-full\"><img loading=\"lazy\" decoding=\"async\" width=\"200\" height=\"100\" src=\"https:\/\/www.rpingenieria.com\/wp\/wp-content\/uploads\/2025\/05\/pi-logo_379916a5f4.png\" alt=\"\" class=\"wp-image-470\"\/><\/figure>\n\n\n\n<p>Los 32 centros de formaci\u00f3n de PI ayudan a los desarrolladores y usuarios a aprender m\u00e1s sobre PROFIBUS y PROFINET y a utilizar las tecnolog\u00edas de forma eficaz.<\/p>\n\n\n\n<p>Gracias a las unidades de aprendizaje estandarizadas, se puede uniformar el proceso de formaci\u00f3n en todo el mundo y se puede ampliar la base de conocimientos de ingenieros y t\u00e9cnicos en \u00e1reas importantes de PROFIBUS y PROFINET.<\/p>\n\n\n\n<p>Un proceso coordinado de revisi\u00f3n interna de los centros de formaci\u00f3n y sus expertos garantiza la calidad de la formaci\u00f3n y, por tanto, la calidad de los servicios de ingenier\u00eda y desarrollo para PROFIBUS y PROFINET. Adem\u00e1s, todos los cursos de capacitaci\u00f3n siguen est\u00e1ndares de implementaci\u00f3n que son monitoreados y revisados \u200b\u200bpor los comit\u00e9s de PI pertinentes.<\/p>\n\n\n\n<p>RP Ingenieria es el primer centro de formaci\u00f3n en idioma espa\u00f1ol del mundo.<\/p>\n","protected":false},"excerpt":{"rendered":"<p>Los 32 centros de formaci\u00f3n de PI ayudan a los desarrolladores y usuarios a aprender m\u00e1s sobre PROFIBUS y PROFINET y a utilizar las tecnolog\u00edas de forma eficaz. Gracias a&hellip;<\/p>\n","protected":false},"author":1,"featured_media":0,"parent":0,"menu_order":0,"comment_status":"closed","ping_status":"closed","template":"","meta":{"pagelayer_contact_templates":[],"_pagelayer_content":"","footnotes":""},"folder":[56],"class_list":["post-466","page","type-page","status-publish","hentry"],"_links":{"self":[{"href":"https:\/\/www.rpingenieria.com\/wp\/wp-json\/wp\/v2\/pages\/466","targetHints":{"allow":["GET"]}}],"collection":[{"href":"https:\/\/www.rpingenieria.com\/wp\/wp-json\/wp\/v2\/pages"}],"about":[{"href":"https:\/\/www.rpingenieria.com\/wp\/wp-json\/wp\/v2\/types\/page"}],"author":[{"embeddable":true,"href":"https:\/\/www.rpingenieria.com\/wp\/wp-json\/wp\/v2\/users\/1"}],"replies":[{"embeddable":true,"href":"https:\/\/www.rpingenieria.com\/wp\/wp-json\/wp\/v2\/comments?post=466"}],"version-history":[{"count":0,"href":"https:\/\/www.rpingenieria.com\/wp\/wp-json\/wp\/v2\/pages\/466\/revisions"}],"wp:attachment":[{"href":"https:\/\/www.rpingenieria.com\/wp\/wp-json\/wp\/v2\/media?parent=466"}],"wp:term":[{"taxonomy":"folder","embeddable":true,"href":"https:\/\/www.rpingenieria.com\/wp\/wp-json\/wp\/v2\/folder?post=466"}],"curies":[{"name":"wp","href":"https:\/\/api.w.org\/{rel}","templated":true}]}}